{"id":37,"date":"2023-03-30T10:33:01","date_gmt":"2023-03-30T13:33:01","guid":{"rendered":"https:\/\/suporte02.agenciazuri.com.br\/?page_id=37"},"modified":"2025-04-26T17:33:21","modified_gmt":"2025-04-26T20:33:21","slug":"37-2","status":"publish","type":"page","link":"https:\/\/suporte02.agenciazuri.com.br\/","title":{"rendered":"Aumente a visibilidade online da sua empresa com o Google Meu Neg\u00f3cio e o Google Perfil de Empresas"},"content":{"rendered":"\n[et_pb_section fb_built=&#8221;1&#8243; fullwidth=&#8221;on&#8221; admin_label=&#8221;Hero&#8221; _builder_version=&#8221;4.20.2&#8243; background_image=&#8221;https:\/\/suporte02.agenciazuri.com.br\/wp-content\/uploads\/2023\/03\/pexels-pixabay-265087-scaled.jpg&#8221; parallax=&#8221;on&#8221; width=&#8221;100%&#8221; max_width=&#8221;100%&#8221; module_alignment=&#8221;center&#8221; min_height=&#8221;1000px&#8221; height=&#8221;1000px&#8221; animation_style=&#8221;slide&#8221; module_alignment_tablet=&#8221;center&#8221; module_alignment_phone=&#8221;center&#8221; module_alignment_last_edited=&#8221;on|desktop&#8221; global_colors_info=&#8221;{}&#8221;][et_pb_fullwidth_header title=&#8221;Aumente a visibilidade online da sua empresa com o Google Meu Neg\u00f3cio e o Google Perfil de Empresas&#8221; subhead=&#8221;N\u00f3s te ajudamos a fazer isso!&#8221; button_one_text=&#8221;SAIBA MAIS&#8221; content_max_width=&#8221;700px&#8221; _builder_version=&#8221;4.20.2&#8243; title_font=&#8221;Playfair Display|700|||||||&#8221; title_font_size=&#8221;70px&#8221; title_line_height=&#8221;1.5em&#8221; content_font=&#8221;||||||||&#8221; content_font_size=&#8221;20px&#8221; content_line_height=&#8221;1.8em&#8221; subhead_font=&#8221;Lato|700|||||||&#8221; subhead_font_size=&#8221;30px&#8221; subhead_line_height=&#8221;1.8em&#8221; background_color=&#8221;rgba(0,0,0,0)&#8221; use_background_color_gradient=&#8221;on&#8221; background_color_gradient_direction=&#8221;220deg&#8221; background_color_gradient_stops=&#8221;rgba(53,80,160,0.27) 0%|#3550a0 100%&#8221; background_color_gradient_overlays_image=&#8221;on&#8221; background_color_gradient_start=&#8221;rgba(53,80,160,0.27)&#8221; background_color_gradient_end=&#8221;#3550a0&#8243; custom_button_one=&#8221;on&#8221; button_one_text_size=&#8221;16px&#8221; button_one_text_color=&#8221;#3550a0&#8243; button_one_bg_color=&#8221;#ffffff&#8221; button_one_border_width=&#8221;10px&#8221; button_one_border_color=&#8221;rgba(210,159,104,0)&#8221; button_one_border_radius=&#8221;100px&#8221; button_one_font=&#8221;Lato|900|||||||&#8221; button_one_use_icon=&#8221;off&#8221; custom_button_two=&#8221;on&#8221; button_two_text_size=&#8221;16px&#8221; button_two_text_color=&#8221;#ffffff&#8221; button_two_bg_color=&#8221;rgba(255,255,255,0.15)&#8221; button_two_border_width=&#8221;10px&#8221; button_two_border_color=&#8221;rgba(210,159,104,0)&#8221; button_two_border_radius=&#8221;100px&#8221; button_two_font=&#8221;Lato|900|||||||&#8221; button_two_use_icon=&#8221;off&#8221; custom_margin=&#8221;|||&#8221; custom_padding=&#8221;10vw||10vw||false&#8221; custom_padding_tablet=&#8221;20vw||20vw||true&#8221; custom_padding_phone=&#8221;20vw||20vw||true&#8221; custom_padding_last_edited=&#8221;on|desktop&#8221; title_font_size_tablet=&#8221;50px&#8221; title_font_size_phone=&#8221;32px&#8221; title_font_size_last_edited=&#8221;on|tablet&#8221; button_one_text_color_hover=&#8221;#3550a0&#8243; button_two_text_color_hover=&#8221;#ffffff&#8221; button_one_bg_color_hover=&#8221;rgba(255,255,255,0.8)&#8221; button_two_bg_color_hover=&#8221;rgba(255,255,255,0.3)&#8221; global_colors_info=&#8221;{}&#8221; button_one_text_size__hover_enabled=&#8221;off&#8221; button_two_text_size__hover_enabled=&#8221;off&#8221; button_one_text_color__hover_enabled=&#8221;on&#8221; button_one_text_color__hover=&#8221;#3550a0&#8243; button_two_text_color__hover_enabled=&#8221;on&#8221; button_two_text_color__hover=&#8221;#ffffff&#8221; button_one_border_width__hover_enabled=&#8221;off&#8221; button_two_border_width__hover_enabled=&#8221;off&#8221; button_one_border_color__hover_enabled=&#8221;off&#8221; button_two_border_color__hover_enabled=&#8221;off&#8221; button_one_border_radius__hover_enabled=&#8221;off&#8221; button_two_border_radius__hover_enabled=&#8221;off&#8221; button_one_letter_spacing__hover_enabled=&#8221;off&#8221; button_two_letter_spacing__hover_enabled=&#8221;off&#8221; button_one_bg_color__hover_enabled=&#8221;on&#8221; button_one_bg_color__hover=&#8221;rgba(255,255,255,0.8)&#8221; button_two_bg_color__hover_enabled=&#8221;on&#8221; button_two_bg_color__hover=&#8221;rgba(255,255,255,0.3)&#8221;][\/et_pb_fullwidth_header][\/et_pb_section][et_pb_section fb_built=&#8221;1&#8243; _builder_version=&#8221;4.20.2&#8243; background_enable_image=&#8221;off&#8221; custom_padding=&#8221;20px|0px|20px|0px|true|false&#8221; animation_style=&#8221;slide&#8221; animation_direction=&#8221;left&#8221; animation_intensity_slide=&#8221;1%&#8221; global_colors_info=&#8221;{}&#8221;][\/et_pb_section][et_pb_section fb_built=&#8221;1&#8243; disabled_on=&#8221;off|off|off&#8221; admin_label=&#8221;Call to Action&#8221; _builder_version=&#8221;4.20.2&#8243; global_colors_info=&#8221;{}&#8221;][et_pb_row column_structure=&#8221;3_5,2_5&#8243; _builder_version=&#8221;4.20.2&#8243; _module_preset=&#8221;default&#8221; global_colors_info=&#8221;{}&#8221;][et_pb_column type=&#8221;3_5&#8243; _builder_version=&#8221;4.20.2&#8243; _module_preset=&#8221;default&#8221; global_colors_info=&#8221;{}&#8221;][et_pb_text _builder_version=&#8221;4.20.2&#8243; _module_preset=&#8221;default&#8221; global_colors_info=&#8221;{}&#8221;]<p><span style=\"font-weight: 400;\">O Google Meu Neg\u00f3cio \u00e9 uma ferramenta essencial para qualquer neg\u00f3cio local que deseja aumentar sua visibilidade on-line e atrair mais clientes. No entanto, manter todas as informa\u00e7\u00f5es atualizadas pode ser um desafio para muitos empres\u00e1rios, especialmente aqueles que gerenciam v\u00e1rias franquias.<\/span><\/p>\n<p><span style=\"font-weight: 400;\">Se voc\u00ea \u00e9 um gerente de marketing de uma rede de franquias, sabe o qu\u00e3o dif\u00edcil pode ser manter as informa\u00e7\u00f5es de todas as unidades atualizadas no Google Meu Neg\u00f3cio. Com hor\u00e1rios de funcionamento diferentes, endere\u00e7os distintos e outras informa\u00e7\u00f5es que podem mudar constantemente, \u00e9 f\u00e1cil ficar sobrecarregado com tantas informa\u00e7\u00f5es a serem gerenciadas.<\/span><\/p>\n<p><span style=\"font-weight: 400;\">\u00c9 por isso que \u00e9 importante contar com uma ag\u00eancia de marketing digital como a ZURI como parceira para gerenciar todas as franquias. A ZURI tem uma equipe dedicada que pode ajud\u00e1-lo a manter todas as informa\u00e7\u00f5es atualizadas no Google Meu Neg\u00f3cio de forma r\u00e1pida e eficiente.<\/span><\/p>\n<p><span style=\"font-weight: 400;\">Ao trabalhar com a ZURI, voc\u00ea ter\u00e1 a tranquilidade de saber que todas as informa\u00e7\u00f5es de suas franquias est\u00e3o atualizadas e corretas no Google Meu Neg\u00f3cio. Isso ajuda a aumentar a visibilidade de sua rede e, consequentemente, atrair mais clientes em potencial para suas franquias.<\/span><\/p>\n<p><span style=\"font-weight: 400;\">Al\u00e9m disso, a ZURI pode ajud\u00e1-lo a aproveitar ao m\u00e1ximo o Google Meu Neg\u00f3cio, oferecendo estrat\u00e9gias para aumentar o engajamento dos clientes com a sua ficha virtual e fornecendo an\u00e1lises de desempenho para ajud\u00e1-lo a entender como seus clientes est\u00e3o interagindo com suas franquias on-line.<\/span><\/p>\n<p><span style=\"font-weight: 400;\">Em resumo, o Google Meu Neg\u00f3cio \u00e9 uma ferramenta essencial para qualquer neg\u00f3cio local, incluindo redes de franquias. No entanto, manter todas as informa\u00e7\u00f5es atualizadas pode ser um desafio, especialmente para redes com v\u00e1rias franquias. \u00c9 por isso que \u00e9 importante contar com uma ag\u00eancia de marketing digital como a ZURI como parceira para gerenciar todas as franquias, ajudando a manter todas as informa\u00e7\u00f5es atualizadas e corretas no Google Meu Neg\u00f3cio e aproveitando ao m\u00e1ximo essa ferramenta valiosa para atrair mais clientes.<\/span><\/p>[\/et_pb_text][\/et_pb_column][et_pb_column type=&#8221;2_5&#8243; _builder_version=&#8221;4.20.2&#8243; _module_preset=&#8221;default&#8221; global_colors_info=&#8221;{}&#8221;][et_pb_image src=&#8221;https:\/\/suporte02.agenciazuri.com.br\/wp-content\/uploads\/2023\/03\/pexels-fauxels-3183153-scaled.jpg&#8221; title_text=&#8221;pexels-fauxels-3183153&#8243; _builder_version=&#8221;4.20.2&#8243; _module_preset=&#8221;default&#8221; global_colors_info=&#8221;{}&#8221;][\/et_pb_image][\/et_pb_column][\/et_pb_row][\/et_pb_section][et_pb_section fb_built=&#8221;1&#8243; admin_label=&#8221;Services&#8221; _builder_version=&#8221;4.16&#8243; global_colors_info=&#8221;{}&#8221;][et_pb_row custom_padding_last_edited=&#8221;off|desktop&#8221; _builder_version=&#8221;4.20.2&#8243; background_image=&#8221;https:\/\/suporte02.agenciazuri.com.br\/wp-content\/uploads\/2023\/03\/henry-perks-BJXAxQ1L7dI-unsplash-scaled.jpg&#8221; module_alignment=&#8221;right&#8221; custom_margin=&#8221;||60px|&#8221; custom_padding=&#8221;0|0px|110px|0px|false|false&#8221; animation_style=&#8221;slide&#8221; animation_direction=&#8221;right&#8221; animation_intensity_slide=&#8221;1%&#8221; box_shadow_style=&#8221;preset3&#8243; box_shadow_vertical=&#8221;100px&#8221; box_shadow_blur=&#8221;100px&#8221; box_shadow_spread=&#8221;-60px&#8221; custom_width_px=&#8221;1000px&#8221; global_colors_info=&#8221;{}&#8221;][et_pb_column type=&#8221;4_4&#8243; _builder_version=&#8221;4.16&#8243; custom_padding=&#8221;|||&#8221; global_colors_info=&#8221;{}&#8221; custom_padding__hover=&#8221;|||&#8221;][et_pb_cta title=&#8221;Fa\u00e7a sua empresa ser encontrada facilmente&#8221; button_url=&#8221;#top&#8221; button_text=&#8221;SAIBA MAIS&#8221; admin_label=&#8221;CTA&#8221; _builder_version=&#8221;4.20.2&#8243; header_font=&#8221;Playfair Display|700|||||||&#8221; header_font_size=&#8221;40px&#8221; header_line_height=&#8221;1.5em&#8221; body_font=&#8221;||||||||&#8221; background_color=&#8221;#3550a0&#8243; custom_button=&#8221;on&#8221; button_text_size=&#8221;16px&#8221; button_text_color=&#8221;#ffffff&#8221; button_bg_color=&#8221;rgba(255,255,255,0.1)&#8221; button_border_width=&#8221;10px&#8221; button_border_color=&#8221;rgba(210,159,104,0)&#8221; button_border_radius=&#8221;100px&#8221; button_font=&#8221;Lato|900|||||||&#8221; button_use_icon=&#8221;off&#8221; text_orientation=&#8221;left&#8221; max_width=&#8221;560px&#8221; max_width_last_edited=&#8221;off|desktop&#8221; module_alignment=&#8221;left&#8221; custom_margin=&#8221;|520px|0px|||&#8221; custom_padding=&#8221;60px||60px|&#8221; header_font_size_tablet=&#8221;30px&#8221; header_font_size_phone=&#8221;24px&#8221; header_font_size_last_edited=&#8221;on|phone&#8221; button_text_color_hover=&#8221;#3550a0&#8243; button_bg_color_hover=&#8221;#ffffff&#8221; global_colors_info=&#8221;{}&#8221; button_text_size__hover_enabled=&#8221;off&#8221; button_one_text_size__hover_enabled=&#8221;off&#8221; button_two_text_size__hover_enabled=&#8221;off&#8221; button_text_color__hover_enabled=&#8221;on&#8221; button_text_color__hover=&#8221;#3550a0&#8243; button_one_text_color__hover_enabled=&#8221;off&#8221; button_two_text_color__hover_enabled=&#8221;off&#8221; button_border_width__hover_enabled=&#8221;off&#8221; button_one_border_width__hover_enabled=&#8221;off&#8221; button_two_border_width__hover_enabled=&#8221;off&#8221; button_border_color__hover_enabled=&#8221;off&#8221; button_one_border_color__hover_enabled=&#8221;off&#8221; button_two_border_color__hover_enabled=&#8221;off&#8221; button_border_radius__hover_enabled=&#8221;off&#8221; button_one_border_radius__hover_enabled=&#8221;off&#8221; button_two_border_radius__hover_enabled=&#8221;off&#8221; button_letter_spacing__hover_enabled=&#8221;off&#8221; button_one_letter_spacing__hover_enabled=&#8221;off&#8221; button_two_letter_spacing__hover_enabled=&#8221;off&#8221; button_bg_color__hover_enabled=&#8221;on&#8221; button_bg_color__hover=&#8221;#ffffff&#8221; button_one_bg_color__hover_enabled=&#8221;off&#8221; button_two_bg_color__hover_enabled=&#8221;off&#8221;][\/et_pb_cta][\/et_pb_column][\/et_pb_row][et_pb_row column_structure=&#8221;2_5,3_5&#8243; _builder_version=&#8221;4.20.2&#8243; _module_preset=&#8221;default&#8221; global_colors_info=&#8221;{}&#8221;][et_pb_column type=&#8221;2_5&#8243; _builder_version=&#8221;4.20.2&#8243; _module_preset=&#8221;default&#8221; global_colors_info=&#8221;{}&#8221;][et_pb_image src=&#8221;https:\/\/suporte02.agenciazuri.com.br\/wp-content\/uploads\/2023\/03\/82f76271-27e6-41e5-979c-422c093a5faa-removebg-preview.png&#8221; title_text=&#8221;82f76271-27e6-41e5-979c-422c093a5faa-removebg-preview&#8221; _builder_version=&#8221;4.20.2&#8243; _module_preset=&#8221;default&#8221; global_colors_info=&#8221;{}&#8221;][\/et_pb_image][\/et_pb_column][et_pb_column type=&#8221;3_5&#8243; _builder_version=&#8221;4.20.2&#8243; _module_preset=&#8221;default&#8221; global_colors_info=&#8221;{}&#8221;][et_pb_text _builder_version=&#8221;4.20.2&#8243; _module_preset=&#8221;default&#8221; global_colors_info=&#8221;{}&#8221;]<p><strong>SOBRE N\u00d3S<\/strong><\/p>\n<p>Nosso time \u00e9 formado por profissionais de diferentes \u00e1reas com um conjunto de expertises, prontos para alavancar seu neg\u00f3cio, trazer visibilidade, atrais mais clientes e aumentar suas vendas.<\/p>[\/et_pb_text][\/et_pb_column][\/et_pb_row][\/et_pb_section][et_pb_section fb_built=&#8221;1&#8243; padding_2_tablet=&#8221;60px|50px|60px|50px|true|true&#8221; admin_label=&#8221;Footer&#8221; _builder_version=&#8221;4.16&#8243; use_background_color_gradient=&#8221;on&#8221; background_color_gradient_direction=&#8221;90deg&#8221; background_color_gradient_stops=&#8221;#ffffff 70%|rgba(240,242,246,0.5) 70%&#8221; background_color_gradient_start=&#8221;#ffffff&#8221; background_color_gradient_start_position=&#8221;70%&#8221; background_color_gradient_end=&#8221;rgba(240,242,246,0.5)&#8221; background_color_gradient_end_position=&#8221;30%&#8221; saved_tabs=&#8221;all&#8221; global_colors_info=&#8221;{}&#8221;][et_pb_row column_structure=&#8221;1_2,1_2&#8243; _builder_version=&#8221;4.16&#8243; global_colors_info=&#8221;{}&#8221;][et_pb_column type=&#8221;1_2&#8243; _builder_version=&#8221;4.16&#8243; custom_padding=&#8221;|||&#8221; global_colors_info=&#8221;{}&#8221; custom_padding__hover=&#8221;|||&#8221;][et_pb_signup mailchimp_list=&#8221;SlavaET|42d4a98af1&#8243; layout=&#8221;top_bottom&#8221; first_name_field=&#8221;off&#8221; last_name_field=&#8221;off&#8221; title=&#8221;Join My Coaching Newsletter&#8221; description=&#8221;<p>Subscribe for news &#038; resources about scaling your business<\/p>&#8221; _builder_version=&#8221;4.16&#8243; form_field_background_color=&#8221;#f0f2f6&#8243; header_level=&#8221;h4&#8243; header_font=&#8221;Lato|700|||||||&#8221; header_font_size=&#8221;24px&#8221; header_line_height=&#8221;1.5em&#8221; body_font=&#8221;||||||||&#8221; body_font_size=&#8221;16px&#8221; body_line_height=&#8221;1.9em&#8221; form_field_font=&#8221;Lato|700|||||||&#8221; form_field_line_height=&#8221;1.5em&#8221; use_background_color=&#8221;off&#8221; custom_button=&#8221;on&#8221; button_text_size=&#8221;16px&#8221; button_text_color=&#8221;#ffffff&#8221; button_bg_color=&#8221;#3550a0&#8243; button_border_width=&#8221;10px&#8221; button_border_color=&#8221;rgba(210,159,104,0)&#8221; button_border_radius=&#8221;100px&#8221; button_font=&#8221;Lato|900|||||||&#8221; button_use_icon=&#8221;off&#8221; background_layout=&#8221;light&#8221; header_font_size_tablet=&#8221;&#8221; header_font_size_phone=&#8221;20px&#8221; header_font_size_last_edited=&#8221;on|phone&#8221; border_radii_fields=&#8221;on|36px|36px|36px|36px&#8221; button_bg_color_hover=&#8221;#4159a0&#8243; locked=&#8221;off&#8221; global_colors_info=&#8221;{}&#8221; button_text_size__hover_enabled=&#8221;off&#8221; button_one_text_size__hover_enabled=&#8221;off&#8221; button_two_text_size__hover_enabled=&#8221;off&#8221; button_text_color__hover_enabled=&#8221;off&#8221; button_one_text_color__hover_enabled=&#8221;off&#8221; button_two_text_color__hover_enabled=&#8221;off&#8221; button_border_width__hover_enabled=&#8221;off&#8221; button_one_border_width__hover_enabled=&#8221;off&#8221; button_two_border_width__hover_enabled=&#8221;off&#8221; button_border_color__hover_enabled=&#8221;off&#8221; button_one_border_color__hover_enabled=&#8221;off&#8221; button_two_border_color__hover_enabled=&#8221;off&#8221; button_border_radius__hover_enabled=&#8221;off&#8221; button_one_border_radius__hover_enabled=&#8221;off&#8221; button_two_border_radius__hover_enabled=&#8221;off&#8221; button_letter_spacing__hover_enabled=&#8221;off&#8221; button_one_letter_spacing__hover_enabled=&#8221;off&#8221; button_two_letter_spacing__hover_enabled=&#8221;off&#8221; button_bg_color__hover_enabled=&#8221;on&#8221; button_bg_color__hover=&#8221;#4159a0&#8243; button_one_bg_color__hover_enabled=&#8221;off&#8221; button_two_bg_color__hover_enabled=&#8221;off&#8221;][\/et_pb_signup][et_pb_social_media_follow _builder_version=&#8221;4.16&#8243; border_radii=&#8221;on|100px|100px|100px|100px&#8221; locked=&#8221;off&#8221; global_colors_info=&#8221;{}&#8221;][et_pb_social_media_follow_network social_network=&#8221;facebook&#8221; _builder_version=&#8221;4.16&#8243; background_color=&#8221;rgba(0,0,0,0.8)&#8221; custom_margin=&#8221;|||&#8221; custom_padding=&#8221;10px|10px|10px|10px|true|true&#8221; global_colors_info=&#8221;{}&#8221; follow_button=&#8221;off&#8221; url_new_window=&#8221;on&#8221;]facebook[\/et_pb_social_media_follow_network][et_pb_social_media_follow_network social_network=&#8221;twitter&#8221; _builder_version=&#8221;4.16&#8243; background_color=&#8221;rgba(0,0,0,0.8)&#8221; custom_margin=&#8221;|||&#8221; custom_padding=&#8221;10px|10px|10px|10px|true|true&#8221; global_colors_info=&#8221;{}&#8221; follow_button=&#8221;off&#8221; url_new_window=&#8221;on&#8221;]twitter[\/et_pb_social_media_follow_network][et_pb_social_media_follow_network social_network=&#8221;linkedin&#8221; _builder_version=&#8221;4.16&#8243; background_color=&#8221;rgba(0,0,0,0.8)&#8221; custom_margin=&#8221;|||&#8221; custom_padding=&#8221;10px|10px|10px|10px|true|true&#8221; global_colors_info=&#8221;{}&#8221; follow_button=&#8221;off&#8221; url_new_window=&#8221;on&#8221;]linkedin[\/et_pb_social_media_follow_network][et_pb_social_media_follow_network social_network=&#8221;instagram&#8221; _builder_version=&#8221;4.16&#8243; background_color=&#8221;rgba(0,0,0,0.8)&#8221; custom_margin=&#8221;|||&#8221; custom_padding=&#8221;10px|10px|10px|10px|true|true&#8221; global_colors_info=&#8221;{}&#8221; follow_button=&#8221;off&#8221; url_new_window=&#8221;on&#8221;]instagram[\/et_pb_social_media_follow_network][et_pb_social_media_follow_network social_network=&#8221;youtube&#8221; _builder_version=&#8221;4.16&#8243; background_color=&#8221;rgba(0,0,0,0.8)&#8221; custom_margin=&#8221;|||&#8221; custom_padding=&#8221;10px|10px|10px|10px|true|true&#8221; global_colors_info=&#8221;{}&#8221; follow_button=&#8221;off&#8221; url_new_window=&#8221;on&#8221;]youtube[\/et_pb_social_media_follow_network][\/et_pb_social_media_follow][\/et_pb_column][et_pb_column type=&#8221;1_2&#8243; _builder_version=&#8221;4.16&#8243; custom_padding=&#8221;|||&#8221; global_colors_info=&#8221;{}&#8221; custom_padding__hover=&#8221;|||&#8221;][et_pb_text _builder_version=&#8221;4.16&#8243; text_font=&#8221;||||||||&#8221; text_font_size=&#8221;16px&#8221; text_line_height=&#8221;1.9em&#8221; link_font=&#8221;||||||||&#8221; link_text_color=&#8221;#ffffff&#8221; ul_font=&#8221;||||||||&#8221; ol_font=&#8221;||||||||&#8221; quote_font=&#8221;||||||||&#8221; header_font=&#8221;||||||||&#8221; header_font_size=&#8221;40px&#8221; header_2_font=&#8221;Playfair Display|700|||||||&#8221; header_2_font_size=&#8221;40px&#8221; header_2_line_height=&#8221;1.5em&#8221; header_3_font=&#8221;||||||||&#8221; header_4_font=&#8221;Lato|700|||||||&#8221; header_4_text_color=&#8221;rgba(255,255,255,0.4)&#8221; header_4_font_size=&#8221;16px&#8221; header_4_line_height=&#8221;1.5em&#8221; background_color=&#8221;#3550a0&#8243; background_layout=&#8221;dark&#8221; custom_margin=&#8221;|||&#8221; custom_padding=&#8221;60px|40px|60px|40px|true|true&#8221; animation_style=&#8221;zoom&#8221; animation_intensity_zoom=&#8221;2%&#8221; header_font_size_tablet=&#8221;30px&#8221; header_font_size_phone=&#8221;24px&#8221; header_font_size_last_edited=&#8221;on|phone&#8221; header_2_font_size_tablet=&#8221;30px&#8221; header_2_font_size_phone=&#8221;&#8221; header_2_font_size_last_edited=&#8221;on|tablet&#8221; box_shadow_style=&#8221;preset3&#8243; box_shadow_vertical=&#8221;100px&#8221; box_shadow_blur=&#8221;100px&#8221; box_shadow_spread=&#8221;-60px&#8221; locked=&#8221;off&#8221; global_colors_info=&#8221;{}&#8221;]<h2>Contato<\/h2>\n<h4>WhatsApp<\/h4>\n<p>(11)99691-9411<\/p>\n<h4>E-mail<\/h4>\n<p>contato@agenciazuri.com.br<\/p>\n<h4>Endere\u00e7o<\/h4>\n<p>Av. Engenheiro Lu\u00eds Carlos Berrini, 1681 &#8211; Salas 111 e 112, Itaim Bibi, S\u00e3o Paulo<\/p>[\/et_pb_text][\/et_pb_column][\/et_pb_row][\/et_pb_section]\n","protected":false},"excerpt":{"rendered":"<p>O Google Meu Neg\u00f3cio \u00e9 uma ferramenta poderosa para empresas locais que desejam se destacar na internet e atrair mais clientes. No entanto, manter as informa\u00e7\u00f5es atualizadas pode ser um desafio para muitos propriet\u00e1rios de neg\u00f3cios, especialmente quando se trata de redes de franquias com m\u00faltiplas localiza\u00e7\u00f5es. Aqui entra a import\u00e2ncia de ter uma ag\u00eancia de marketing experiente como a Ag\u00eancia ZURI ao seu lado. Com sua expertise, a ZURI pode gerenciar todas as fichas do Google Meu Neg\u00f3cio dos franqueados, garantindo que as informa\u00e7\u00f5es estejam sempre atualizadas e consistentes em todas as localiza\u00e7\u00f5es. Isso \u00e9 particularmente importante para as empresas de franquia, que muitas vezes t\u00eam v\u00e1rias localiza\u00e7\u00f5es e podem ter dificuldades em manter todas as informa\u00e7\u00f5es atualizadas. Com a ZURI como parceira, os propriet\u00e1rios de franquias podem ter a tranquilidade de saber que suas fichas do Google Meu Neg\u00f3cio est\u00e3o sempre em dia e que seus clientes est\u00e3o recebendo informa\u00e7\u00f5es precisas e atualizadas. Al\u00e9m disso, a ZURI pode ajudar a otimizar as fichas do Google Meu Neg\u00f3cio de seus clientes, maximizando sua visibilidade na internet. Isso pode incluir o uso de fotos de alta qualidade, informa\u00e7\u00f5es detalhadas sobre os produtos e servi\u00e7os oferecidos e at\u00e9 mesmo a cria\u00e7\u00e3o de avalia\u00e7\u00f5es positivas de clientes satisfeitos. A ZURI tamb\u00e9m pode fornecer an\u00e1lises detalhadas dos dados e insights do Google Meu Neg\u00f3cio, permitindo que os propriet\u00e1rios de empresas tenham uma vis\u00e3o clara de como seus clientes est\u00e3o interagindo com suas fichas. Com essas informa\u00e7\u00f5es valiosas, \u00e9 poss\u00edvel ajustar sua estrat\u00e9gia de marketing e melhorar ainda mais sua presen\u00e7a on-line. Em resumo, o Google Meu Neg\u00f3cio \u00e9 uma ferramenta poderosa para empresas locais, mas manter as informa\u00e7\u00f5es atualizadas pode ser um desafio. A Ag\u00eancia ZURI pode ajudar a superar esses obst\u00e1culos, oferecendo servi\u00e7os de gerenciamento profissional das fichas do Google Meu Neg\u00f3cio dos franqueados, otimiza\u00e7\u00e3o da presen\u00e7a on-line e an\u00e1lise de dados detalhada. Com a ZURI como parceira, os propriet\u00e1rios de franquias podem ter a tranquilidade de saber que suas fichas do Google Meu Neg\u00f3cio est\u00e3o sempre em dia e que est\u00e3o aproveitando ao m\u00e1ximo os benef\u00edcios dessa ferramenta poderosa.<\/p>\n","protected":false},"author":1,"featured_media":12,"parent":0,"menu_order":0,"comment_status":"closed","ping_status":"closed","template":"","meta":{"_et_pb_use_builder":"on","_et_pb_old_content":"","_et_gb_content_width":"","footnotes":""},"class_list":["post-37","page","type-page","status-publish","has-post-thumbnail","hentry"],"_links":{"self":[{"href":"https:\/\/suporte02.agenciazuri.com.br\/index.php\/wp-json\/wp\/v2\/pages\/37","targetHints":{"allow":["GET"]}}],"collection":[{"href":"https:\/\/suporte02.agenciazuri.com.br\/index.php\/wp-json\/wp\/v2\/pages"}],"about":[{"href":"https:\/\/suporte02.agenciazuri.com.br\/index.php\/wp-json\/wp\/v2\/types\/page"}],"author":[{"embeddable":true,"href":"https:\/\/suporte02.agenciazuri.com.br\/index.php\/wp-json\/wp\/v2\/users\/1"}],"replies":[{"embeddable":true,"href":"https:\/\/suporte02.agenciazuri.com.br\/index.php\/wp-json\/wp\/v2\/comments?post=37"}],"version-history":[{"count":22,"href":"https:\/\/suporte02.agenciazuri.com.br\/index.php\/wp-json\/wp\/v2\/pages\/37\/revisions"}],"predecessor-version":[{"id":243750,"href":"https:\/\/suporte02.agenciazuri.com.br\/index.php\/wp-json\/wp\/v2\/pages\/37\/revisions\/243750"}],"wp:featuredmedia":[{"embeddable":true,"href":"https:\/\/suporte02.agenciazuri.com.br\/index.php\/wp-json\/wp\/v2\/media\/12"}],"wp:attachment":[{"href":"https:\/\/suporte02.agenciazuri.com.br\/index.php\/wp-json\/wp\/v2\/media?parent=37"}],"curies":[{"name":"wp","href":"https:\/\/api.w.org\/{rel}","templated":true}]}}